{"id":1012,"date":"2024-09-12T09:53:50","date_gmt":"2024-09-12T08:53:50","guid":{"rendered":"https:\/\/www.fisioterapiagadir.com\/?page_id=1012"},"modified":"2025-02-19T10:50:32","modified_gmt":"2025-02-19T09:50:32","slug":"contacto","status":"publish","type":"page","link":"https:\/\/www.fisioterapiagadir.com\/en\/contacto\/","title":{"rendered":"Contact"},"content":{"rendered":"<div data-elementor-type=\"wp-page\" data-elementor-id=\"1012\" class=\"elementor elementor-1012\" data-elementor-post-type=\"page\">\n\t\t\t\t<div class=\"elementor-element elementor-element-b885ec3 olab-contact-form-section e-flex e-con-boxed e-con e-parent\" data-id=\"b885ec3\" data-element_type=\"container\" data-settings=\"{&quot;background_background&quot;:&quot;classic&quot;}\">\n\t\t\t\t\t<div class=\"e-con-inner\">\n\t\t<div class=\"elementor-element elementor-element-eea56c9 e-con-full e-flex e-con e-child\" data-id=\"eea56c9\" data-element_type=\"container\">\n\t\t\t\t<div class=\"elementor-element elementor-element-33c84ec elementor-widget elementor-widget-spacer\" data-id=\"33c84ec\" data-element_type=\"widget\" data-widget_type=\"spacer.default\">\n\t\t\t\t<div class=\"elementor-widget-container\">\n\t\t\t\t\t\t\t<div class=\"elementor-spacer\">\n\t\t\t<div class=\"elementor-spacer-inner\"><\/div>\n\t\t<\/div>\n\t\t\t\t\t\t<\/div>\n\t\t\t\t<\/div>\n\t\t\t\t<div class=\"elementor-element elementor-element-b186a47 elementor-widget__width-initial elementor-widget elementor-widget-image\" data-id=\"b186a47\" data-element_type=\"widget\" data-widget_type=\"image.default\">\n\t\t\t\t<div class=\"elementor-widget-container\">\n\t\t\t\t\t\t\t\t\t\t\t\t\t\t\t<img fetchpriority=\"high\" decoding=\"async\" width=\"561\" height=\"561\" src=\"https:\/\/www.fisioterapiagadir.com\/wp-content\/uploads\/2024\/09\/Nis.webp\" class=\"attachment-full size-full wp-image-1204\" alt=\"\" srcset=\"https:\/\/www.fisioterapiagadir.com\/wp-content\/uploads\/2024\/09\/Nis.webp 561w, https:\/\/www.fisioterapiagadir.com\/wp-content\/uploads\/2024\/09\/Nis-300x300.webp 300w, https:\/\/www.fisioterapiagadir.com\/wp-content\/uploads\/2024\/09\/Nis-150x150.webp 150w\" sizes=\"(max-width: 561px) 100vw, 561px\" \/>\t\t\t\t\t\t\t\t\t\t\t\t\t\t\t<\/div>\n\t\t\t\t<\/div>\n\t\t\t\t<div class=\"elementor-element elementor-element-8bf5341 elementor-widget elementor-widget-heading\" data-id=\"8bf5341\" data-element_type=\"widget\" data-widget_type=\"heading.default\">\n\t\t\t\t<div class=\"elementor-widget-container\">\n\t\t\t\t\t<div class=\"elementor-heading-title elementor-size-default\">We are Gadir Physiotherapy<\/div>\t\t\t\t<\/div>\n\t\t\t\t<\/div>\n\t\t\t\t<div class=\"elementor-element elementor-element-ccf191e elementor-widget__width-initial elementor-widget-tablet__width-initial elementor-widget elementor-widget-text-editor\" data-id=\"ccf191e\" data-element_type=\"widget\" data-widget_type=\"text-editor.default\">\n\t\t\t\t<div class=\"elementor-widget-container\">\n\t\t\t\t\t\t\t\t\t<p>If you wish to contact us, you can do so using the following form or by calling us at: <strong><a href=\"tel:+34856119190\">856 11 91 90<\/a> \/ <a href=\"tel:+34637123777\">637123777<\/a><\/strong><\/p><p>We are waiting for you at:<br \/><span style=\"text-decoration: underline;\"><strong><a href=\"https:\/\/www.google.com\/maps\/place\/\/data=!4m2!3m1!1s0xd0dcce1058abd6d:0x4adcc418efdad618?sa=X&amp;ved=1t:8290&amp;ictx=111\">Panama Street 21, local 8. San Fernando \u2013 CP. 11100<\/a><\/strong><\/span><\/p>\t\t\t\t\t\t\t\t<\/div>\n\t\t\t\t<\/div>\n\t\t\t\t<div class=\"elementor-element elementor-element-fc15cf8 elementor-align-justify elementor-widget__width-initial elementor-widget elementor-widget-button\" data-id=\"fc15cf8\" data-element_type=\"widget\" data-widget_type=\"button.default\">\n\t\t\t\t<div class=\"elementor-widget-container\">\n\t\t\t\t\t\t\t\t\t<div class=\"elementor-button-wrapper\">\n\t\t\t\t\t<a class=\"elementor-button elementor-button-link elementor-size-sm\" href=\"https:\/\/www.google.com\/maps\/place\/\/data=!4m2!3m1!1s0xd0dcce1058abd6d:0x4adcc418efdad618?sa=X&#038;ved=1t:8290&#038;ictx=111\">\n\t\t\t\t\t\t<span class=\"elementor-button-content-wrapper\">\n\t\t\t\t\t\t\t\t\t<span class=\"elementor-button-text\">Google map<\/span>\n\t\t\t\t\t<\/span>\n\t\t\t\t\t<\/a>\n\t\t\t\t<\/div>\n\t\t\t\t\t\t\t\t<\/div>\n\t\t\t\t<\/div>\n\t\t\t\t<\/div>\n\t\t<div class=\"elementor-element elementor-element-00a9a48 e-con-full e-flex e-con e-child\" data-id=\"00a9a48\" data-element_type=\"container\">\n\t\t\t\t<div class=\"elementor-element elementor-element-d294c85 elementor-widget elementor-widget-text-editor\" data-id=\"d294c85\" data-element_type=\"widget\" data-widget_type=\"text-editor.default\">\n\t\t\t\t<div class=\"elementor-widget-container\">\n\t\t\t\t\t\t\t\t\t<p>Gadir Physiotherapy Clinic, a rehabilitation center specialized in <strong>physiotherapy and physioaesthetics in C\u00e1diz<\/strong><\/p>\t\t\t\t\t\t\t\t<\/div>\n\t\t\t\t<\/div>\n\t\t\t\t<div class=\"elementor-element elementor-element-1ce20ff olab-contact-form elementor-button-align-start elementor-widget__width-initial elementor-widget elementor-widget-form\" data-id=\"1ce20ff\" data-element_type=\"widget\" data-settings=\"{&quot;step_next_label&quot;:&quot;Siguiente&quot;,&quot;step_previous_label&quot;:&quot;Anterior&quot;,&quot;button_width&quot;:&quot;100&quot;,&quot;step_type&quot;:&quot;number_text&quot;,&quot;step_icon_shape&quot;:&quot;circle&quot;}\" data-widget_type=\"form.default\">\n\t\t\t\t<div class=\"elementor-widget-container\">\n\t\t\t\t\t\t\t<form class=\"elementor-form\" method=\"post\" name=\"Nuevo formulario\" aria-label=\"Nuevo formulario\" action=\"\">\n\t\t\t<input type=\"hidden\" name=\"post_id\" value=\"1012\"\/>\n\t\t\t<input type=\"hidden\" name=\"form_id\" value=\"1ce20ff\"\/>\n\t\t\t<input type=\"hidden\" name=\"referer_title\" value=\"Fisioterapia Gadir\" \/>\n\n\t\t\t\n\t\t\t<div class=\"elementor-form-fields-wrapper elementor-labels-above\">\n\t\t\t\t\t\t\t\t<div class=\"elementor-field-type-text elementor-field-group elementor-column elementor-field-group-name elementor-col-100\">\n\t\t\t\t\t\t\t\t\t\t\t\t<label for=\"form-field-name\" class=\"elementor-field-label\">\n\t\t\t\t\t\t\t\tYour name\t\t\t\t\t\t\t<\/label>\n\t\t\t\t\t\t\t\t\t\t\t\t\t\t<input size=\"1\" type=\"text\" name=\"form_fields[name]\" id=\"form-field-name\" class=\"elementor-field elementor-size-sm  elementor-field-textual\">\n\t\t\t\t\t\t\t\t\t\t\t<\/div>\n\t\t\t\t\t\t\t\t<div class=\"elementor-field-type-email elementor-field-group elementor-column elementor-field-group-email elementor-col-100 elementor-field-required\">\n\t\t\t\t\t\t\t\t\t\t\t\t<label for=\"form-field-email\" class=\"elementor-field-label\">\n\t\t\t\t\t\t\t\tYour Mail\t\t\t\t\t\t\t<\/label>\n\t\t\t\t\t\t\t\t\t\t\t\t\t\t<input size=\"1\" type=\"email\" name=\"form_fields[email]\" id=\"form-field-email\" class=\"elementor-field elementor-size-sm  elementor-field-textual\" required=\"required\">\n\t\t\t\t\t\t\t\t\t\t\t<\/div>\n\t\t\t\t\t\t\t\t<div class=\"elementor-field-type-tel elementor-field-group elementor-column elementor-field-group-field_f12bae0 elementor-col-100 elementor-field-required\">\n\t\t\t\t\t\t\t\t\t\t\t\t<label for=\"form-field-field_f12bae0\" class=\"elementor-field-label\">\n\t\t\t\t\t\t\t\tYour Phone\t\t\t\t\t\t\t<\/label>\n\t\t\t\t\t\t\t\t<input size=\"1\" type=\"tel\" name=\"form_fields[field_f12bae0]\" id=\"form-field-field_f12bae0\" class=\"elementor-field elementor-size-sm  elementor-field-textual\" required=\"required\" pattern=\"[0-9()#&amp;+*-=.]+\" title=\"Only numbers and phone characters (#, -, *, etc) are accepted.\">\n\n\t\t\t\t\t\t<\/div>\n\t\t\t\t\t\t\t\t<div class=\"elementor-field-type-text elementor-field-group elementor-column elementor-field-group-field_0afb562 elementor-col-100 elementor-field-required\">\n\t\t\t\t\t\t\t\t\t\t\t\t<label for=\"form-field-field_0afb562\" class=\"elementor-field-label\">\n\t\t\t\t\t\t\t\tHow can we help you?\t\t\t\t\t\t\t<\/label>\n\t\t\t\t\t\t\t\t\t\t\t\t\t\t<input size=\"1\" type=\"text\" name=\"form_fields[field_0afb562]\" id=\"form-field-field_0afb562\" class=\"elementor-field elementor-size-sm  elementor-field-textual\" required=\"required\">\n\t\t\t\t\t\t\t\t\t\t\t<\/div>\n\t\t\t\t\t\t\t\t<div class=\"elementor-field-type-text\">\n\t\t\t\t\t<input size=\"1\" type=\"text\" name=\"form_fields[field_8ad274f]\" id=\"form-field-field_8ad274f\" class=\"elementor-field elementor-size-sm\" style=\"display:none !important;\">\t\t\t\t<\/div>\n\t\t\t\t\t\t\t\t<div class=\"elementor-field-type-acceptance elementor-field-group elementor-column elementor-field-group-field_6e21b72 elementor-col-100\">\n\t\t\t\t\t\t\t<div class=\"elementor-field-subgroup\">\n\t\t\t<span class=\"elementor-field-option\">\n\t\t\t\t<input type=\"checkbox\" name=\"form_fields[field_6e21b72]\" id=\"form-field-field_6e21b72\" class=\"elementor-field elementor-size-sm  elementor-acceptance-field\">\n\t\t\t\t<label for=\"form-field-field_6e21b72\">I accept the <a style=\"font-weight: 700; text-decoration: underline;\" href=\"\/en\/politica-privacidad\/\">Privacy Policy<\/a><\/label>\t\t\t<\/span>\n\t\t<\/div>\n\t\t\t\t\t\t<\/div>\n\t\t\t\t\t\t\t\t<div class=\"elementor-field-type-recaptcha_v3 elementor-field-group elementor-column elementor-field-group-field_b89f123 elementor-col-100 recaptcha_v3-bottomleft\">\n\t\t\t\t\t<div class=\"elementor-field\" id=\"form-field-field_b89f123\"><div class=\"elementor-g-recaptcha\" data-sitekey=\"6LczyvQjAAAAADgvBn0MCIxZyZRoAyQq7KnXar29\" data-type=\"v3\" data-action=\"Form\" data-badge=\"bottomleft\" data-size=\"invisible\"><\/div><\/div>\t\t\t\t<\/div>\n\t\t\t\t\t\t\t\t<div class=\"elementor-field-group elementor-column elementor-field-type-submit elementor-col-100 e-form__buttons\">\n\t\t\t\t\t<button class=\"elementor-button elementor-size-sm\" type=\"submit\">\n\t\t\t\t\t\t<span class=\"elementor-button-content-wrapper\">\n\t\t\t\t\t\t\t\t\t\t\t\t\t\t\t\t\t\t\t\t\t\t<span class=\"elementor-button-text\">Send<\/span>\n\t\t\t\t\t\t\t\t\t\t\t\t\t<\/span>\n\t\t\t\t\t<\/button>\n\t\t\t\t<\/div>\n\t\t\t<\/div>\n\t\t<input type=\"hidden\" name=\"trp-form-language\" value=\"en\"\/><\/form>\n\t\t\t\t\t\t<\/div>\n\t\t\t\t<\/div>\n\t\t\t\t<\/div>\n\t\t\t\t\t<\/div>\n\t\t\t\t<\/div>\n\t\t\t\t<\/div>","protected":false},"excerpt":{"rendered":"<p>We are Fisioterapia Gadir If you wish to contact us, you can do so using the following form or by calling us at: 856 11 91 90 \/ 637123777 We are waiting for you at: Calle Panam\u00e1 21, local 8. San Fernando \u2013 CP. 11100 Google map Cl\u00ednica Fisioterapia Gadir, a rehabilitation centre specialising in physiotherapy and physioesthetics in C\u00e1diz<\/p>","protected":false},"author":3,"featured_media":0,"parent":0,"menu_order":0,"comment_status":"closed","ping_status":"closed","template":"","meta":{"footnotes":""},"class_list":["post-1012","page","type-page","status-publish","hentry"],"yoast_head":"<!-- This site is optimized with the Yoast SEO plugin v26.1.1 - https:\/\/yoast.com\/wordpress\/plugins\/seo\/ -->\n<title>Contacto - Fisioterapia Gadir<\/title>\n<meta name=\"robots\" content=\"index, follow, max-snippet:-1, max-image-preview:large, max-video-preview:-1\" \/>\n<link rel=\"canonical\" href=\"https:\/\/www.fisioterapiagadir.com\/en\/contacto\/\" \/>\n<meta property=\"og:locale\" content=\"en_GB\" \/>\n<meta property=\"og:type\" content=\"article\" \/>\n<meta property=\"og:title\" content=\"Contacto - Fisioterapia Gadir\" \/>\n<meta property=\"og:description\" content=\"Somos Fisioterapia Gadir Si deseas contactarnos, puedes hacerlo a trav\u00e9s del siguiente formulario o llam\u00e1ndonos al tel\u00e9fono: 856 11 91 90 \/ 637123777 Te esperamos en:Calle Panam\u00e1 21, local 8. San Fernando \u2013 CP. 11100 Google map Cl\u00ednica Fisioterapia Gadir, un centro de rehabilitaci\u00f3n especializado en fisioterapia y fisioest\u00e9tica en C\u00e1diz\" \/>\n<meta property=\"og:url\" content=\"https:\/\/www.fisioterapiagadir.com\/en\/contacto\/\" \/>\n<meta property=\"og:site_name\" content=\"Fisioterapia Gadir\" \/>\n<meta property=\"article:publisher\" content=\"https:\/\/www.facebook.com\/clinica.fisioterapiagadir\" \/>\n<meta property=\"article:modified_time\" content=\"2025-02-19T09:50:32+00:00\" \/>\n<meta property=\"og:image\" content=\"https:\/\/www.fisioterapiagadir.com\/wp-content\/uploads\/2024\/09\/Nis.webp\" \/>\n\t<meta property=\"og:image:width\" content=\"561\" \/>\n\t<meta property=\"og:image:height\" content=\"561\" \/>\n\t<meta property=\"og:image:type\" content=\"image\/webp\" \/>\n<meta name=\"twitter:card\" content=\"summary_large_image\" \/>\n<meta name=\"twitter:label1\" content=\"Estimated reading time\" \/>\n\t<meta name=\"twitter:data1\" content=\"1 minute\" \/>\n<!-- \/ Yoast SEO plugin. -->","yoast_head_json":{"title":"Contacto - Fisioterapia Gadir","robots":{"index":"index","follow":"follow","max-snippet":"max-snippet:-1","max-image-preview":"max-image-preview:large","max-video-preview":"max-video-preview:-1"},"canonical":"https:\/\/www.fisioterapiagadir.com\/en\/contacto\/","og_locale":"en_GB","og_type":"article","og_title":"Contacto - Fisioterapia Gadir","og_description":"Somos Fisioterapia Gadir Si deseas contactarnos, puedes hacerlo a trav\u00e9s del siguiente formulario o llam\u00e1ndonos al tel\u00e9fono: 856 11 91 90 \/ 637123777 Te esperamos en:Calle Panam\u00e1 21, local 8. San Fernando \u2013 CP. 11100 Google map Cl\u00ednica Fisioterapia Gadir, un centro de rehabilitaci\u00f3n especializado en fisioterapia y fisioest\u00e9tica en C\u00e1diz","og_url":"https:\/\/www.fisioterapiagadir.com\/en\/contacto\/","og_site_name":"Fisioterapia Gadir","article_publisher":"https:\/\/www.facebook.com\/clinica.fisioterapiagadir","article_modified_time":"2025-02-19T09:50:32+00:00","og_image":[{"width":561,"height":561,"url":"https:\/\/www.fisioterapiagadir.com\/wp-content\/uploads\/2024\/09\/Nis.webp","type":"image\/webp"}],"twitter_card":"summary_large_image","twitter_misc":{"Estimated reading time":"1 minute"},"schema":{"@context":"https:\/\/schema.org","@graph":[{"@type":"WebPage","@id":"https:\/\/www.fisioterapiagadir.com\/contacto\/","url":"https:\/\/www.fisioterapiagadir.com\/contacto\/","name":"Contacto - Fisioterapia Gadir","isPartOf":{"@id":"https:\/\/www.fisioterapiagadir.com\/#website"},"primaryImageOfPage":{"@id":"https:\/\/www.fisioterapiagadir.com\/contacto\/#primaryimage"},"image":{"@id":"https:\/\/www.fisioterapiagadir.com\/contacto\/#primaryimage"},"thumbnailUrl":"https:\/\/www.fisioterapiagadir.com\/wp-content\/uploads\/2024\/09\/Nis.webp","datePublished":"2024-09-12T08:53:50+00:00","dateModified":"2025-02-19T09:50:32+00:00","breadcrumb":{"@id":"https:\/\/www.fisioterapiagadir.com\/contacto\/#breadcrumb"},"inLanguage":"en-GB","potentialAction":[{"@type":"ReadAction","target":["https:\/\/www.fisioterapiagadir.com\/contacto\/"]}]},{"@type":"ImageObject","inLanguage":"en-GB","@id":"https:\/\/www.fisioterapiagadir.com\/contacto\/#primaryimage","url":"https:\/\/www.fisioterapiagadir.com\/wp-content\/uploads\/2024\/09\/Nis.webp","contentUrl":"https:\/\/www.fisioterapiagadir.com\/wp-content\/uploads\/2024\/09\/Nis.webp"},{"@type":"BreadcrumbList","@id":"https:\/\/www.fisioterapiagadir.com\/contacto\/#breadcrumb","itemListElement":[{"@type":"ListItem","position":1,"name":"Portada","item":"https:\/\/www.fisioterapiagadir.com\/"},{"@type":"ListItem","position":2,"name":"Contacto"}]},{"@type":"WebSite","@id":"https:\/\/www.fisioterapiagadir.com\/#website","url":"https:\/\/www.fisioterapiagadir.com\/","name":"Physiotherapy Gadir","description":"Centro de fisioterapia, fisioest\u00e9tica y pilates en C\u00e1diz","publisher":{"@id":"https:\/\/www.fisioterapiagadir.com\/#organization"},"potentialAction":[{"@type":"SearchAction","target":{"@type":"EntryPoint","urlTemplate":"https:\/\/www.fisioterapiagadir.com\/?s={search_term_string}"},"query-input":{"@type":"PropertyValueSpecification","valueRequired":true,"valueName":"search_term_string"}}],"inLanguage":"en-GB"},{"@type":"Organization","@id":"https:\/\/www.fisioterapiagadir.com\/#organization","name":"Physiotherapy Gadir","url":"https:\/\/www.fisioterapiagadir.com\/","logo":{"@type":"ImageObject","inLanguage":"en-GB","@id":"https:\/\/www.fisioterapiagadir.com\/#\/schema\/logo\/image\/","url":"https:\/\/www.fisioterapiagadir.com\/wp-content\/uploads\/2022\/11\/Group-872.svg","contentUrl":"https:\/\/www.fisioterapiagadir.com\/wp-content\/uploads\/2022\/11\/Group-872.svg","width":117,"height":30,"caption":"Fisioterapia Gadir"},"image":{"@id":"https:\/\/www.fisioterapiagadir.com\/#\/schema\/logo\/image\/"},"sameAs":["https:\/\/www.facebook.com\/clinica.fisioterapiagadir","https:\/\/www.instagram.com\/clinicafisioterapiagadir\/"]}]}},"_links":{"self":[{"href":"https:\/\/www.fisioterapiagadir.com\/en\/wp-json\/wp\/v2\/pages\/1012","targetHints":{"allow":["GET"]}}],"collection":[{"href":"https:\/\/www.fisioterapiagadir.com\/en\/wp-json\/wp\/v2\/pages"}],"about":[{"href":"https:\/\/www.fisioterapiagadir.com\/en\/wp-json\/wp\/v2\/types\/page"}],"author":[{"embeddable":true,"href":"https:\/\/www.fisioterapiagadir.com\/en\/wp-json\/wp\/v2\/users\/3"}],"replies":[{"embeddable":true,"href":"https:\/\/www.fisioterapiagadir.com\/en\/wp-json\/wp\/v2\/comments?post=1012"}],"version-history":[{"count":46,"href":"https:\/\/www.fisioterapiagadir.com\/en\/wp-json\/wp\/v2\/pages\/1012\/revisions"}],"predecessor-version":[{"id":1742,"href":"https:\/\/www.fisioterapiagadir.com\/en\/wp-json\/wp\/v2\/pages\/1012\/revisions\/1742"}],"wp:attachment":[{"href":"https:\/\/www.fisioterapiagadir.com\/en\/wp-json\/wp\/v2\/media?parent=1012"}],"curies":[{"name":"wp","href":"https:\/\/api.w.org\/{rel}","templated":true}]}}