{"id":776,"date":"2023-01-13T11:51:41","date_gmt":"2023-01-13T10:51:41","guid":{"rendered":"https:\/\/www.fisioterapiagadir.com\/?page_id=776"},"modified":"2024-09-13T13:36:00","modified_gmt":"2024-09-13T12:36:00","slug":"politica-de-cookies","status":"publish","type":"page","link":"https:\/\/www.fisioterapiagadir.com\/en\/politica-de-cookies\/","title":{"rendered":"Cookie Policy"},"content":{"rendered":"<div data-elementor-type=\"wp-page\" data-elementor-id=\"776\" class=\"elementor elementor-776\" data-elementor-post-type=\"page\">\n\t\t\t\t\t\t<section class=\"elementor-section elementor-top-section elementor-element elementor-element-8f32531 elementor-section-boxed elementor-section-height-default elementor-section-height-default\" data-id=\"8f32531\" data-element_type=\"section\">\n\t\t\t\t\t\t<div class=\"elementor-container elementor-column-gap-default\">\n\t\t\t\t\t<div class=\"elementor-column elementor-col-100 elementor-top-column elementor-element elementor-element-3259180\" data-id=\"3259180\" data-element_type=\"column\">\n\t\t\t<div class=\"elementor-widget-wrap elementor-element-populated\">\n\t\t\t\t\t\t<div class=\"elementor-element elementor-element-0c6e236 elementor-widget__width-initial elementor-widget elementor-widget-heading\" data-id=\"0c6e236\" data-element_type=\"widget\" data-widget_type=\"heading.default\">\n\t\t\t\t<div class=\"elementor-widget-container\">\n\t\t\t\t\t<h3 class=\"elementor-heading-title elementor-size-default\">Cookie Policy<\/h3>\t\t\t\t<\/div>\n\t\t\t\t<\/div>\n\t\t\t\t<div class=\"elementor-element elementor-element-eeec3c6 elementor-widget elementor-widget-text-editor\" data-id=\"eeec3c6\" data-element_type=\"widget\" data-widget_type=\"text-editor.default\">\n\t\t\t\t<div class=\"elementor-widget-container\">\n\t\t\t\t\t\t\t\t\t<p>This website uses its own and third-party cookies to ensure you have a better browsing experience, to allow you to share content on social networks and so that we can obtain user statistics.<\/p><p>You can prevent the download of cookies through your browser settings, preventing cookies from being stored on your device.<\/p><p>As the owner of this website, I inform you that we do not use any personal information from cookies, we only compile general statistics of visits that do not involve any personal information.<\/p><p>It is very important that you read this cookie policy and understand that, if you continue browsing, we will consider that you accept its use.<\/p><p>According to the terms included in article 22.2 of Law 34\/2002 on Information Society Services and Electronic Commerce, if you continue browsing, you will be giving your consent for the use of the aforementioned mechanisms.<\/p><p><strong>Responsible Entity<br \/><\/strong>The entity responsible for the collection, processing and use of your personal data, in the sense established by the Personal Data Protection Law, is the Fisioterapia Gadir website, owned by Nisrine El Alaoui Filali Diaa \u2013 Calle Panam\u00e1 21 local 8 11100 San Fernando.<\/p><p><strong>What are cookies?<\/strong><br \/>Cookies are a set of data that a server deposits in the user&#039;s browser to collect standard Internet registration information and information on the behavior of visitors to a website. In other words, they are small text files that are stored on the computer&#039;s hard drive and serve to identify the user when they connect to the website again. Their purpose is to record the user&#039;s visit and save certain information. Their use is common and frequent on the web as it allows pages to function more efficiently and achieve greater personalization and analysis of user behavior.<\/p><p><strong>What types of cookies exist?<\/strong><br \/>The cookies used on our website are session and third-party cookies, and allow us to store and access information regarding the language, the type of browser used, and other general characteristics predefined by the user, as well as to monitor and analyse the activity carried out, in order to introduce improvements and provide our services in a more efficient and personalised manner.<\/p><p>Cookies, depending on their duration, can be divided into session or permanent cookies. These expire when the user closes the browser. These expire depending on when the purpose for which they are used is fulfilled (for example, so that the user remains identified in the services of Nisrine El Alaoui Filali Diaa) or when they are manually deleted.<\/p><p>Name \/ Type \/ Expiration \/ Purpose \/ Class<br \/>__utma \/ Third Party (Google Analytics) \/ 2 years \/ Used to distinguish users and sessions. \/ Not Exempt<\/p><p>__utmb \/ Third Party (Google Analytics) \/ 30 minutes \/ Used to determine new sessions or visits \/ Not Exempt<\/p><p>__utmc \/ Third Party (Google Analytics) \/ At the end of the session \/ Set for use with Urchin \/ Not Exempt<\/p><p>__utmz \/ Third Party (Google Analytics) \/ 6 months \/ Stores the origin or campaign that explains how the user reached the website \/ Not Exempt<\/p><p>Additionally, depending on their purpose, cookies can be classified as follows:<\/p><p><strong>Performance Cookies<\/strong><\/p><p>This type of Cookie remembers your preferences for the tools found in the services, so you do not have to reconfigure the service each time you visit. As an example, this type includes: Volume settings for video or sound players. Video streaming speeds that are compatible with your browser. Items saved in the \u201cshopping cart\u201d in e-commerce services such as stores.<\/p><p><strong>Geo-location cookies<\/strong><\/p><p>These cookies are used to find out which country you are in when you request a service. This cookie is completely anonymous, and is only used to help target content to your location.<\/p><p><strong>Registration cookies<\/strong><\/p><p>Registration cookies are generated once the user has registered or subsequently opened their session, and are used to identify them in the services for the following purposes:<br \/>Keeping the user identified so that, if he\/she closes a service, the browser or the computer and at another time or day he\/she enters said service again, he\/she will continue to be identified, thus facilitating his\/her navigation without having to identify himself\/herself again. This functionality can be suppressed if the user clicks on the [log out] function, so that this cookie is deleted and the next time he\/she enters the service the user will have to log in to be identified.<\/p><p>Check whether the user is authorized to access certain services, for example, to participate in a contest.<\/p><p>Additionally, some services may use connectors with social networks such as Facebook or Twitter. When the user registers with a service using social network credentials, he or she authorizes the social network to store a persistent Cookie that remembers his or her identity and grants him or her access to the services until it expires. The user can delete this Cookie and revoke access to the services through social networks by updating his or her preferences on the social network he or she specifies.<\/p><p><strong>Analytics cookies<\/strong><\/p><p>Each time a user visits a service, a tool from an external provider generates an analytical cookie on the user&#039;s computer. This cookie, which is only generated during the visit, will be used in future visits to the services of Nisrine El Alaoui Filali Diaa to anonymously identify the visitor. The main objectives pursued are:<\/p><p>Allow anonymous identification of browsing users through the cookie (identifies browsers and devices, not people) and therefore the approximate counting of the number of visitors and their trend over time.<\/p><p>Anonymously identify the most visited content and therefore the most attractive for users. Know if the user who is accessing is a new or repeat visitor.<\/p><p>Important: Unless the user decides to register for a Nisrine El Alaoui Filali Diaa service, the cookie will never be associated with any personal data that could identify the user. These cookies will only be used for statistical purposes that help to optimize the user experience on the site.<\/p><p><strong>Advertising cookies<\/strong><\/p><p>These types of cookies allow for more information on the advertisements shown to each anonymous user on Nisrine El Alaoui Filali Diaa&#039;s services. Among other things, they store the duration or frequency of display of advertising positions, the interaction with them, or the browsing patterns and\/or user behaviors, as they help to create an advertising interest profile. In this way, they allow advertising to be offered that is related to the user&#039;s interests.<\/p><p><strong>Third-party advertising cookies<\/strong><\/p><p>In addition to the advertising managed by Nisrine El Alaoui Filali Diaa websites on its services, Nisrine El Alaoui Filali Diaa websites offer their advertisers the option of serving ads through third parties (&quot;Ad-Servers&quot;). In this way, these third parties can store cookies sent from Nisrine El Alaoui Filali Diaa services from users&#039; browsers, as well as access the data stored therein.<br \/>The companies that generate these cookies have their own privacy policies. Currently, the Nisrine El Alaoui Filali Diaa websites use the Doubleclick (Google) platform to manage these services. For more information, go to<\/p><p>http:\/\/www.google.es\/policies\/privacy\/ads\/#toc-doubleclick now<\/p><p>http:\/\/www.google.es\/policies\/privacy\/ads\/.<\/p><p><strong>How can I disable cookies in my browser?<\/strong><\/p><p>Different browsers can be configured to notify the user when cookies are received and, if desired, prevent their installation on the computer. Likewise, the user can check in their browser which cookies are installed and what their expiry date is, and can delete them.<\/p><p>For more information, please consult your browser&#039;s instructions and manuals:<\/p><p>For more information on managing cookies in Google Chrome:<\/p><p>https:\/\/support.google.com\/chrome\/answer\/95647?hl=es<\/p><p>For more information about managing cookies in Internet Explorer: http:\/\/windows.microsoft.com\/es-es\/windows-vista\/cookies-frequently-asked-questions<\/p><p>For more information about managing cookies in Mozilla Firefox: http:\/\/support.mozilla.org\/en-US\/kb\/enable-and-disable-cookies-website-preferences<\/p><p>For more information about managing cookies in Safari: http:\/\/www.apple.com\/privacy\/use-of-cookies\/<\/p><p>For more information about managing cookies in Opera: http:\/\/help.opera.com\/Windows\/11.50\/es-ES\/cookies.html<\/p><p>If you wish to stop being tracked by Google Analytics visit: http:\/\/tools.google.com\/dlpage\/gaoptout<\/p><p><strong>To learn more about cookies<\/strong><\/p><p>You can find out more about online behavioural advertising and online privacy at the following link: http:\/\/www.youronlinechoices.com\/es\/<\/p><p>Google Analytics data protection: http:\/\/www.google.com\/analytics\/learn\/privacy.html<\/p><p>How Google Analytics uses cookies: https:\/\/developers.google.com\/analytics\/devguides\/collection\/analyticsjs\/cookie-usage?hl=en#analyticsjs<\/p><p>Updates and changes to the privacy\/cookie policy<br \/>The Nisrine El Alaoui Filali Diaa websites may modify this Cookies Policy based on legislative or regulatory requirements, or in order to adapt said policy to the instructions issued by the Spanish Data Protection Agency, therefore users are advised to visit it periodically.<\/p><p>When significant changes are made to this Cookie Policy, these will be communicated to users either through the website or via email to registered users.<\/p>\t\t\t\t\t\t\t\t<\/div>\n\t\t\t\t<\/div>\n\t\t\t\t\t<\/div>\n\t\t<\/div>\n\t\t\t\t\t<\/div>\n\t\t<\/section>\n\t\t\t\t<\/div>","protected":false},"excerpt":{"rendered":"<p>Cookie Policy This website uses its own and third-party cookies to ensure you have a better browsing experience, to allow you to share content on social networks and to obtain user statistics. You can prevent the download of cookies through your browser settings, preventing cookies from being stored on your computer [\u2026]<\/p>","protected":false},"author":2,"featured_media":0,"parent":0,"menu_order":0,"comment_status":"closed","ping_status":"closed","template":"","meta":{"footnotes":""},"class_list":["post-776","page","type-page","status-publish","hentry"],"yoast_head":"<!-- This site is optimized with the Yoast SEO plugin v26.1.1 - https:\/\/yoast.com\/wordpress\/plugins\/seo\/ -->\n<title>Pol\u00edtica de Cookies - Fisioterapia Gadir<\/title>\n<meta name=\"robots\" content=\"noindex, follow\" \/>\n<meta property=\"og:locale\" content=\"en_GB\" \/>\n<meta property=\"og:type\" content=\"article\" \/>\n<meta property=\"og:title\" content=\"Pol\u00edtica de Cookies - Fisioterapia Gadir\" \/>\n<meta property=\"og:description\" content=\"Pol\u00edtica de cookies En esta web se utilizan cookies de terceros y propias para conseguir que tengas una mejor experiencia de navegaci\u00f3n, puedas compartir contenido en redes sociales y para que podamos obtener estad\u00edsticas de los usuarios. Puedes evitar la descarga de cookies a trav\u00e9s de la configuraci\u00f3n de tu navegador, evitando que las cookies [&hellip;]\" \/>\n<meta property=\"og:url\" content=\"https:\/\/www.fisioterapiagadir.com\/en\/politica-de-cookies\/\" \/>\n<meta property=\"og:site_name\" content=\"Fisioterapia Gadir\" \/>\n<meta property=\"article:publisher\" content=\"https:\/\/www.facebook.com\/clinica.fisioterapiagadir\" \/>\n<meta property=\"article:modified_time\" content=\"2024-09-13T12:36:00+00:00\" \/>\n<meta name=\"twitter:card\" content=\"summary_large_image\" \/>\n<meta name=\"twitter:label1\" content=\"Estimated reading time\" \/>\n\t<meta name=\"twitter:data1\" content=\"8 minutes\" \/>\n<!-- \/ Yoast SEO plugin. -->","yoast_head_json":{"title":"Pol\u00edtica de Cookies - Fisioterapia Gadir","robots":{"index":"noindex","follow":"follow"},"og_locale":"en_GB","og_type":"article","og_title":"Pol\u00edtica de Cookies - Fisioterapia Gadir","og_description":"Pol\u00edtica de cookies En esta web se utilizan cookies de terceros y propias para conseguir que tengas una mejor experiencia de navegaci\u00f3n, puedas compartir contenido en redes sociales y para que podamos obtener estad\u00edsticas de los usuarios. Puedes evitar la descarga de cookies a trav\u00e9s de la configuraci\u00f3n de tu navegador, evitando que las cookies [&hellip;]","og_url":"https:\/\/www.fisioterapiagadir.com\/en\/politica-de-cookies\/","og_site_name":"Fisioterapia Gadir","article_publisher":"https:\/\/www.facebook.com\/clinica.fisioterapiagadir","article_modified_time":"2024-09-13T12:36:00+00:00","twitter_card":"summary_large_image","twitter_misc":{"Estimated reading time":"8 minutes"},"schema":{"@context":"https:\/\/schema.org","@graph":[{"@type":"WebPage","@id":"https:\/\/www.fisioterapiagadir.com\/politica-de-cookies\/","url":"https:\/\/www.fisioterapiagadir.com\/politica-de-cookies\/","name":"Pol\u00edtica de Cookies - Fisioterapia Gadir","isPartOf":{"@id":"https:\/\/www.fisioterapiagadir.com\/#website"},"datePublished":"2023-01-13T10:51:41+00:00","dateModified":"2024-09-13T12:36:00+00:00","breadcrumb":{"@id":"https:\/\/www.fisioterapiagadir.com\/politica-de-cookies\/#breadcrumb"},"inLanguage":"en-GB","potentialAction":[{"@type":"ReadAction","target":["https:\/\/www.fisioterapiagadir.com\/politica-de-cookies\/"]}]},{"@type":"BreadcrumbList","@id":"https:\/\/www.fisioterapiagadir.com\/politica-de-cookies\/#breadcrumb","itemListElement":[{"@type":"ListItem","position":1,"name":"Portada","item":"https:\/\/www.fisioterapiagadir.com\/"},{"@type":"ListItem","position":2,"name":"Pol\u00edtica de Cookies"}]},{"@type":"WebSite","@id":"https:\/\/www.fisioterapiagadir.com\/#website","url":"https:\/\/www.fisioterapiagadir.com\/","name":"Physiotherapy Gadir","description":"Centro de fisioterapia, fisioest\u00e9tica y pilates en C\u00e1diz","publisher":{"@id":"https:\/\/www.fisioterapiagadir.com\/#organization"},"potentialAction":[{"@type":"SearchAction","target":{"@type":"EntryPoint","urlTemplate":"https:\/\/www.fisioterapiagadir.com\/?s={search_term_string}"},"query-input":{"@type":"PropertyValueSpecification","valueRequired":true,"valueName":"search_term_string"}}],"inLanguage":"en-GB"},{"@type":"Organization","@id":"https:\/\/www.fisioterapiagadir.com\/#organization","name":"Physiotherapy Gadir","url":"https:\/\/www.fisioterapiagadir.com\/","logo":{"@type":"ImageObject","inLanguage":"en-GB","@id":"https:\/\/www.fisioterapiagadir.com\/#\/schema\/logo\/image\/","url":"https:\/\/www.fisioterapiagadir.com\/wp-content\/uploads\/2022\/11\/Group-872.svg","contentUrl":"https:\/\/www.fisioterapiagadir.com\/wp-content\/uploads\/2022\/11\/Group-872.svg","width":117,"height":30,"caption":"Fisioterapia Gadir"},"image":{"@id":"https:\/\/www.fisioterapiagadir.com\/#\/schema\/logo\/image\/"},"sameAs":["https:\/\/www.facebook.com\/clinica.fisioterapiagadir","https:\/\/www.instagram.com\/clinicafisioterapiagadir\/"]}]}},"_links":{"self":[{"href":"https:\/\/www.fisioterapiagadir.com\/en\/wp-json\/wp\/v2\/pages\/776","targetHints":{"allow":["GET"]}}],"collection":[{"href":"https:\/\/www.fisioterapiagadir.com\/en\/wp-json\/wp\/v2\/pages"}],"about":[{"href":"https:\/\/www.fisioterapiagadir.com\/en\/wp-json\/wp\/v2\/types\/page"}],"author":[{"embeddable":true,"href":"https:\/\/www.fisioterapiagadir.com\/en\/wp-json\/wp\/v2\/users\/2"}],"replies":[{"embeddable":true,"href":"https:\/\/www.fisioterapiagadir.com\/en\/wp-json\/wp\/v2\/comments?post=776"}],"version-history":[{"count":3,"href":"https:\/\/www.fisioterapiagadir.com\/en\/wp-json\/wp\/v2\/pages\/776\/revisions"}],"predecessor-version":[{"id":1423,"href":"https:\/\/www.fisioterapiagadir.com\/en\/wp-json\/wp\/v2\/pages\/776\/revisions\/1423"}],"wp:attachment":[{"href":"https:\/\/www.fisioterapiagadir.com\/en\/wp-json\/wp\/v2\/media?parent=776"}],"curies":[{"name":"wp","href":"https:\/\/api.w.org\/{rel}","templated":true}]}}